{"id":138,"date":"2020-02-27T12:39:42","date_gmt":"2020-02-27T11:39:42","guid":{"rendered":"http:\/\/richter-uchte.de\/wp\/?page_id=138"},"modified":"2021-06-29T10:58:13","modified_gmt":"2021-06-29T08:58:13","slug":"impressum","status":"publish","type":"page","link":"https:\/\/richter-uchte.de\/wp\/impressum\/","title":{"rendered":"Impressum"},"content":{"rendered":"\n<figure class=\"wp-block-image size-large is-resized\"><img loading=\"lazy\" src=\"http:\/\/richter-uchte.de\/wp\/wp-content\/uploads\/2020\/04\/Richtiges-Logo.png\" alt=\"\" class=\"wp-image-321\" width=\"343\" height=\"91\" srcset=\"https:\/\/richter-uchte.de\/wp-content\/uploads\/2020\/04\/Richtiges-Logo.png 320w, https:\/\/richter-uchte.de\/wp-content\/uploads\/2020\/04\/Richtiges-Logo-300x80.png 300w\" sizes=\"(max-width: 343px) 100vw, 343px\" \/><\/figure>\n\n\n\n<p>Gesch\u00e4ftsf\u00fchrer: Axel Richter, Brigitte Richter<br>Woltringhausen 102<br>31600 Uchte<br>Tel.: +49 (0) 5763 27 94<br>Mobil: +49 (0) 173 78 87 510<br>Mail: kontakt@richter-uchte.de<\/p>\n\n\n\n<p>Umsatzsteuer-ID-Nr.: DE321658839<\/p>\n\n\n\n<p>                                                                                                                                            Steuer-Nr.:  34\/203\/03051      <\/p>\n\n\n\n<h3>1. Inhalt des Onlineangebots<\/h3>\n\n\n\n<p>Axel Richter \u00fcbernimmt keinerlei Gew\u00e4hr f\u00fcr die Aktualit\u00e4t, Korrektheit, Vollst\u00e4ndigkeit oder Qualit\u00e4t der bereitgestellten Informationen. Haftungsanspr\u00fcche gegen Axel Richter, welche sich auf Sch\u00e4den materieller oder ideeller Art beziehen, die durch die Nutzung oder Nichtnutzung der dargebotenen Informationen bzw. durch die Nutzung fehlerhafter und unvollst\u00e4ndiger Informationen verursacht wurden sind grunds\u00e4tzlich ausgeschlossen, sofern seitens Axel Richter kein nachweislich vors\u00e4tzliches oder grob fahrl\u00e4ssiges Verschulden vorliegt. Alle Angebote sind freibleibend und unverbindlich. Axel Richter beh\u00e4lt es sich ausdr\u00fccklich vor, Teile der Seiten oder das gesamte Angebot ohne gesonderte Ank\u00fcndigung zu ver\u00e4ndern, zu erg\u00e4nzen, zu l\u00f6schen oder die Ver\u00f6ffentlichung zeitweise oder endg\u00fcltig einzustellen.<\/p>\n\n\n\n<h3>2. Verweise und Links<\/h3>\n\n\n\n<p>Bei direkten oder indirekten Verweisen auf fremde Internetseiten (Links), die au\u00dferhalb des Verantwortungsbereiches von Axel Richter liegen, w\u00fcrde eine Haftungsverpflichtung ausschlie\u00dflich in dem Fall in Kraft treten, in dem Axel Richter von den Inhalten Kenntnis hat und es technisch m\u00f6glich und zumutbar w\u00e4re, die Nutzung im Falle rechtswidriger Inhalte zu verhindern. Axel Richter erkl\u00e4rt daher ausdr\u00fccklich, dass zum Zeitpunkt der Linksetzung die entsprechenden verlinkten Seiten frei von illegalen Inhalten waren. Axel Richter hat keinerlei Einfluss auf die aktuelle und zuk\u00fcnftige Gestaltung und auf die Inhalte der gelinkten\/verkn\u00fcpften Seiten. Deshalb distanziert Axel Richter sich hiermit ausdr\u00fccklich von allen Inhalten aller gelinkten und verkn\u00fcpften Seiten, die nach der Linksetzung ver\u00e4ndert wurden. Diese Feststellung gilt f\u00fcr alle innerhalb des eigenen Internetangebotes gesetzten Links. F\u00fcr illegale, fehlerhafte oder unvollst\u00e4ndige Inhalte und insbesondere f\u00fcr Sch\u00e4den, die aus der Nutzung oder Nichtnutzung solcherart dargebotener Informationen entstehen, haftet allein der Anbieter der Seite, auf welche verwiesen wurde, nicht derjenige, der \u00fcber Links auf die jeweilige Ver\u00f6ffentlichung lediglich verweist.<\/p>\n\n\n\n<h3>3. Urheber- und Kennzeichenrecht<\/h3>\n\n\n\n<p>Alle innerhalb des Internetangebotes genannten und ggf. durch Dritte gesch\u00fctzten Marken- und Warenzeichen unterliegen uneingeschr\u00e4nkt den Bestimmungen des jeweils g\u00fcltigen Kennzeichenrechts und den Besitzrechten der jeweiligen eingetragenen Eigent\u00fcmer. Allein aufgrund der blo\u00dfen Nennung ist nicht der Schluss zu ziehen, dass Markenzeichen nicht durch Rechte Dritter gesch\u00fctzt sind! Das Copyright f\u00fcr ver\u00f6ffentlichte, von Axel Richter selbst erstellte Objekte und Internetseiten bleibt allein bei Axel Richter. Eine Vervielf\u00e4ltigung oder Verwendung solcher Grafiken, Tondokumente, Videosequenzen und Texte in anderen elektronischen oder gedruckten Publikationen ist ohne ausdr\u00fcckliche Zustimmung von Axel Richter nicht gestattet.<\/p>\n\n\n\n<h3>4. Rechtswirksamkeit dieses Haftungsausschlusses<\/h3>\n\n\n\n<p>Dieser Haftungsausschluss ist als Teil des Internetangebotes zu betrachten, von dem aus auf diese Seite verwiesen wurde. Sofern Teile oder einzelne Formulierungen dieses Textes der geltenden Rechtslage nicht, nicht mehr oder nicht vollst\u00e4ndig entsprechen sollten, bleiben die \u00fcbrigen Teile des Dokumentes in ihrem Inhalt und ihrer G\u00fcltigkeit davon unber\u00fchrt.<\/p>\n","protected":false},"excerpt":{"rendered":"<p>Gesch\u00e4ftsf\u00fchrer: Axel Richter, Brigitte RichterWoltringhausen 10231600 UchteTel.: +49 (0) 5763 27 94Mobil: +49 (0) 173 78 87 510Mail: kontakt@richter-uchte.de Umsatzsteuer-ID-Nr.: DE321658839 Steuer-Nr.: 34\/203\/03051 1. Inhalt des Onlineangebots Axel Richter \u00fcbernimmt keinerlei Gew\u00e4hr f\u00fcr die Aktualit\u00e4t, Korrektheit, Vollst\u00e4ndigkeit oder Qualit\u00e4t der bereitgestellten Informationen. Haftungsanspr\u00fcche gegen Axel Richter, welche sich auf Sch\u00e4den materieller oder ideeller Art beziehen, &hellip; <\/p>\n<p class=\"link-more\"><a href=\"https:\/\/richter-uchte.de\/wp\/impressum\/\" class=\"more-link\"><span class=\"screen-reader-text\">\u201eImpressum\u201c<\/span> weiterlesen<\/a><\/p>\n","protected":false},"author":1,"featured_media":0,"parent":0,"menu_order":0,"comment_status":"closed","ping_status":"closed","template":"","meta":[],"_links":{"self":[{"href":"https:\/\/richter-uchte.de\/wp\/wp-json\/wp\/v2\/pages\/138"}],"collection":[{"href":"https:\/\/richter-uchte.de\/wp\/wp-json\/wp\/v2\/pages"}],"about":[{"href":"https:\/\/richter-uchte.de\/wp\/wp-json\/wp\/v2\/types\/page"}],"author":[{"embeddable":true,"href":"https:\/\/richter-uchte.de\/wp\/wp-json\/wp\/v2\/users\/1"}],"replies":[{"embeddable":true,"href":"https:\/\/richter-uchte.de\/wp\/wp-json\/wp\/v2\/comments?post=138"}],"version-history":[{"count":10,"href":"https:\/\/richter-uchte.de\/wp\/wp-json\/wp\/v2\/pages\/138\/revisions"}],"predecessor-version":[{"id":333,"href":"https:\/\/richter-uchte.de\/wp\/wp-json\/wp\/v2\/pages\/138\/revisions\/333"}],"wp:attachment":[{"href":"https:\/\/richter-uchte.de\/wp\/wp-json\/wp\/v2\/media?parent=138"}],"curies":[{"name":"wp","href":"https:\/\/api.w.org\/{rel}","templated":true}]}}